{"id":373,"date":"2022-03-19T05:47:07","date_gmt":"2022-03-19T04:47:07","guid":{"rendered":"https:\/\/mycts.at\/uber\/"},"modified":"2026-02-19T09:33:18","modified_gmt":"2026-02-19T08:33:18","slug":"uber","status":"publish","type":"page","link":"https:\/\/mycts.at\/de\/uber\/","title":{"rendered":"\u00dcber"},"content":{"rendered":"<h1>\u00dcBER UNS<\/h1>\n<h2>Du suchst Technologie &amp; Softwarel\u00f6sungen, die sich an Dich und die Bed\u00fcrfnisse Deiner Organisation anpassen?Dann bist Du bei uns genau richtig. Wir stellen den Menschen in den Mittelpunkt, entwickeln und beraten.<\/h2>\n","protected":false},"excerpt":{"rendered":"<p>\u00dcBER UNS Du suchst Technologie &amp; Softwarel\u00f6sungen, die sich an Dich und die Bed\u00fcrfnisse Deiner Organisation anpassen?Dann bist Du bei uns genau richtig. Wir stellen den Menschen in den Mittelpunkt, entwickeln und beraten.<\/p>\n","protected":false},"author":1,"featured_media":0,"parent":0,"menu_order":0,"comment_status":"closed","ping_status":"closed","template":"templates\/template-about.php","meta":{"_acf_changed":false,"inline_featured_image":false,"footnotes":""},"class_list":["post-373","page","type-page","status-publish","hentry"],"acf":[],"_links":{"self":[{"href":"https:\/\/mycts.at\/de\/wp-json\/wp\/v2\/pages\/373","targetHints":{"allow":["GET"]}}],"collection":[{"href":"https:\/\/mycts.at\/de\/wp-json\/wp\/v2\/pages"}],"about":[{"href":"https:\/\/mycts.at\/de\/wp-json\/wp\/v2\/types\/page"}],"author":[{"embeddable":true,"href":"https:\/\/mycts.at\/de\/wp-json\/wp\/v2\/users\/1"}],"replies":[{"embeddable":true,"href":"https:\/\/mycts.at\/de\/wp-json\/wp\/v2\/comments?post=373"}],"version-history":[{"count":16,"href":"https:\/\/mycts.at\/de\/wp-json\/wp\/v2\/pages\/373\/revisions"}],"predecessor-version":[{"id":1492,"href":"https:\/\/mycts.at\/de\/wp-json\/wp\/v2\/pages\/373\/revisions\/1492"}],"wp:attachment":[{"href":"https:\/\/mycts.at\/de\/wp-json\/wp\/v2\/media?parent=373"}],"curies":[{"name":"wp","href":"https:\/\/api.w.org\/{rel}","templated":true}]}}