{"id":383,"date":"2022-03-19T10:51:08","date_gmt":"2022-03-19T09:51:08","guid":{"rendered":"https:\/\/mycts.at\/privatsphare\/"},"modified":"2026-04-16T13:17:24","modified_gmt":"2026-04-16T12:17:24","slug":"datenschutz","status":"publish","type":"page","link":"https:\/\/mycts.at\/de\/datenschutz\/","title":{"rendered":"Datenschutzerkl\u00e4rung"},"content":{"rendered":"<h1>Datenschutzerkl\u00e4rung<\/h1>\n<p>Der Schutz Ihrer pers\u00f6nlichen Daten ist uns ein besonderes Anliegen. Wir verarbeiten Ihre Daten daher ausschlie\u00dflich auf Grundlage der gesetzlichen Bestimmungen (DSGVO, TKG 2003). In diesen Datenschutzinformationen informieren wir Sie \u00fcber die wichtigsten Aspekte der Datenverarbeitung im Rahmen unserer Website.<\/p>\n<h3>Verantwortlich f\u00fcr die Verarbeitung Ihrer personenbezogenen Daten ist:<\/h3>\n<p>myCTS GmbH<br \/>\nAnton Bruckner Gasse 4<br \/>\nA-2301 Gro\u00df Enzersdorf<br \/>\nTel: +436705058418<br \/>\noffice@mycts.at<\/p>\n<h3 data-section-id=\"1oivc8o\" data-start=\"496\" data-end=\"514\">Kontaktaufnahme<\/h3>\n<p data-start=\"516\" data-end=\"785\">Wenn Sie per Formular auf der Website oder per E-Mail Kontakt mit uns aufnehmen, werden Ihre angegebenen Daten zwecks Bearbeitung der Anfrage und f\u00fcr den Fall von Anschlussfragen f\u00fcr sechs Monate gespeichert.<br data-start=\"724\" data-end=\"727\" \/>Diese Daten geben wir nicht ohne Ihre Einwilligung weiter.<\/p>\n<h3 data-section-id=\"1iozxh4\" data-start=\"792\" data-end=\"822\">Zweck der Datenverarbeitung<\/h3>\n<p data-start=\"824\" data-end=\"1029\">Wenn Sie sich f\u00fcr die ObjectScript^REFACTOR Demo registrieren, verarbeiten wir die von Ihnen angegebenen personenbezogenen Daten (z. B. Name, Unternehmen, E-Mail-Adresse und Passwort) zu folgenden Zwecken:<\/p>\n<ul data-start=\"1031\" data-end=\"1181\">\n<li data-section-id=\"4fdxf3\" data-start=\"1031\" data-end=\"1081\">Erstellung und Verwaltung Ihres Benutzerkontos<\/li>\n<li data-section-id=\"17zixv1\" data-start=\"1082\" data-end=\"1130\">Bereitstellung des Zugangs zur Demo-Umgebung<\/li>\n<li data-section-id=\"ga8eup\" data-start=\"1131\" data-end=\"1181\">Kommunikation im Zusammenhang mit Ihrem Zugang<\/li>\n<\/ul>\n<p data-start=\"1183\" data-end=\"1270\">Die Bereitstellung dieser Daten ist erforderlich, um die Demo-Dienste nutzen zu k\u00f6nnen.<\/p>\n<h3 data-section-id=\"1vyhuju\" data-start=\"1277\" data-end=\"1313\">Datenspeicherung und Aufbewahrung<\/h3>\n<p data-start=\"1315\" data-end=\"1470\">Ihre Daten werden nur so lange gespeichert, wie dies zur Bereitstellung der Demo-Dienste sowie zur Erf\u00fcllung gesetzlicher Verpflichtungen erforderlich ist.<\/p>\n<p data-start=\"1472\" data-end=\"1615\">Wenn Sie uns per E-Mail kontaktieren, werden Ihre Daten zum Zweck der Bearbeitung Ihrer Anfrage sowie f\u00fcr m\u00f6gliche Anschlussfragen gespeichert.<\/p>\n<p data-start=\"1617\" data-end=\"1692\">Eine Weitergabe Ihrer Daten an Dritte erfolgt nicht ohne Ihre Einwilligung.<\/p>\n<h3 data-section-id=\"1yefo6v\" data-start=\"1699\" data-end=\"1730\">Technische Daten und Cookies<\/h3>\n<p data-start=\"1732\" data-end=\"1866\">Unsere Anwendung verwendet technisch notwendige Cookies, um die ordnungsgem\u00e4\u00dfe Funktion der Website sicherzustellen, insbesondere f\u00fcr:<\/p>\n<ul data-start=\"1868\" data-end=\"1968\">\n<li data-section-id=\"15ryb7k\" data-start=\"1868\" data-end=\"1890\">Sitzungsverwaltung<\/li>\n<li data-section-id=\"j8ba8t\" data-start=\"1891\" data-end=\"1922\">Authentifizierung und Login<\/li>\n<li data-section-id=\"1n2vm2n\" data-start=\"1923\" data-end=\"1968\">Sicherheitsfunktionen (z. B. CSRF-Schutz)<\/li>\n<\/ul>\n<p data-start=\"1970\" data-end=\"2074\">Diese Cookies sind f\u00fcr die Bereitstellung des Dienstes erforderlich und k\u00f6nnen nicht deaktiviert werden.<\/p>\n<h3 data-section-id=\"1shnhua\" data-start=\"2081\" data-end=\"2102\">Server-Log-Dateien<\/h3>\n<p data-start=\"2104\" data-end=\"2293\">Beim Zugriff auf unsere Website werden automatisch bestimmte Informationen in Server-Log-Dateien gespeichert (z. B. IP-Adresse, Datum und Uhrzeit des Zugriffs sowie aufgerufene Ressourcen).<\/p>\n<p data-start=\"2295\" data-end=\"2418\">Diese Daten werden ausschlie\u00dflich zur Gew\u00e4hrleistung des Betriebs, der Sicherheit und der Stabilit\u00e4t des Systems verwendet.<\/p>\n<h3>Ihre Rechte<\/h3>\n<p>Ihnen stehen bez\u00fcglich Ihrer bei uns gespeicherten Daten grunds\u00e4tzlich die Rechte auf Auskunft, Berichtigung, L\u00f6schung, Einschr\u00e4nkung, Daten\u00fcbertragbarkeit, Widerruf und Widerspruch zu. Wenn Sie glauben, dass die Verarbeitung Ihrer Daten gegen das Datenschutzrecht verst\u00f6\u00dft oder Ihre datenschutzrechtlichen Anspr\u00fcche sonst in einer Weise verletzt worden sind, k\u00f6nnen Sie sich bei der uns office@mycts.at oder der Datenschutzbeh\u00f6rde beschweren.<\/p>\n<p>Sie erreichen uns unter folgenden Kontaktdaten:<br \/>\nTel: +436705058418<br \/>\noffice@mycts.at<\/p>\n","protected":false},"excerpt":{"rendered":"<p>Datenschutzerkl\u00e4rung Der Schutz Ihrer pers\u00f6nlichen Daten ist uns ein besonderes Anliegen. Wir verarbeiten Ihre Daten daher ausschlie\u00dflich auf Grundlage der gesetzlichen Bestimmungen (DSGVO, TKG 2003). In diesen Datenschutzinformationen informieren wir Sie \u00fcber die wichtigsten Aspekte der Datenverarbeitung im Rahmen unserer Website. Verantwortlich f\u00fcr die Verarbeitung Ihrer personenbezogenen Daten ist: myCTS GmbH Anton Bruckner Gasse 4 [&hellip;]<\/p>\n","protected":false},"author":1,"featured_media":0,"parent":0,"menu_order":0,"comment_status":"closed","ping_status":"closed","template":"templates\/template-privacy-policy.php","meta":{"_acf_changed":false,"inline_featured_image":false,"footnotes":""},"class_list":["post-383","page","type-page","status-publish","hentry"],"acf":[],"_links":{"self":[{"href":"https:\/\/mycts.at\/de\/wp-json\/wp\/v2\/pages\/383","targetHints":{"allow":["GET"]}}],"collection":[{"href":"https:\/\/mycts.at\/de\/wp-json\/wp\/v2\/pages"}],"about":[{"href":"https:\/\/mycts.at\/de\/wp-json\/wp\/v2\/types\/page"}],"author":[{"embeddable":true,"href":"https:\/\/mycts.at\/de\/wp-json\/wp\/v2\/users\/1"}],"replies":[{"embeddable":true,"href":"https:\/\/mycts.at\/de\/wp-json\/wp\/v2\/comments?post=383"}],"version-history":[{"count":4,"href":"https:\/\/mycts.at\/de\/wp-json\/wp\/v2\/pages\/383\/revisions"}],"predecessor-version":[{"id":1689,"href":"https:\/\/mycts.at\/de\/wp-json\/wp\/v2\/pages\/383\/revisions\/1689"}],"wp:attachment":[{"href":"https:\/\/mycts.at\/de\/wp-json\/wp\/v2\/media?parent=383"}],"curies":[{"name":"wp","href":"https:\/\/api.w.org\/{rel}","templated":true}]}}