{"id":679,"date":"2022-05-05T05:46:16","date_gmt":"2022-05-05T04:46:16","guid":{"rendered":"https:\/\/mycts.at\/?page_id=679"},"modified":"2024-02-27T09:20:07","modified_gmt":"2024-02-27T08:20:07","slug":"impressum","status":"publish","type":"page","link":"https:\/\/mycts.at\/de\/impressum\/","title":{"rendered":"Impressum"},"content":{"rendered":"<h1>Impressum<\/h1>\n<p>&nbsp;<\/p>\n<h3>myCTS GmbH<\/h3>\n<p>Anton Bruckner Gasse 4<br \/>\nA-2301 Gro\u00df Enzersdorf<br \/>\nTel: +436705058418<br \/>\noffice@mycts.at<\/p>\n<p>Rechtsform: Gesellschaft mit beschr\u00e4nkter Haftung<br \/>\nSitz: Gro\u00df Enzersdorf<br \/>\nFirmenbuch Nr.: FN336180h LG Korneuburg<br \/>\nUID: ATU65298000<\/p>\n<h3>Gesch\u00e4ftsf\u00fchrer<\/h3>\n<p>Mag. Armin Forstner, Msc.<\/p>\n<h3>Prokurist<\/h3>\n<p>Mag. Marko Nindl<\/p>\n<h3>Externe Links<\/h3>\n<p>Trotz sorgf\u00e4ltiger inhaltlicher Kontrolle \u00fcbernehmen wir keine Haftung f\u00fcr die Inhalte externer Links. F\u00fcr den Inhalt der verlinkten Seiten sind ausschlie\u00dflich deren Betreiber verantwortlich.<\/p>\n","protected":false},"excerpt":{"rendered":"<p>Impressum &nbsp; myCTS GmbH Anton Bruckner Gasse 4 A-2301 Gro\u00df Enzersdorf Tel: +436705058418 office@mycts.at Rechtsform: Gesellschaft mit beschr\u00e4nkter Haftung Sitz: Gro\u00df Enzersdorf Firmenbuch Nr.: FN336180h LG Korneuburg UID: ATU65298000 Gesch\u00e4ftsf\u00fchrer Mag. Armin Forstner, Msc. Prokurist Mag. Marko Nindl Externe Links Trotz sorgf\u00e4ltiger inhaltlicher Kontrolle \u00fcbernehmen wir keine Haftung f\u00fcr die Inhalte externer Links. F\u00fcr den [&hellip;]<\/p>\n","protected":false},"author":1,"featured_media":0,"parent":0,"menu_order":0,"comment_status":"closed","ping_status":"closed","template":"templates\/template-privacy-policy.php","meta":{"_acf_changed":false,"inline_featured_image":false,"footnotes":""},"class_list":["post-679","page","type-page","status-publish","hentry"],"acf":[],"_links":{"self":[{"href":"https:\/\/mycts.at\/de\/wp-json\/wp\/v2\/pages\/679","targetHints":{"allow":["GET"]}}],"collection":[{"href":"https:\/\/mycts.at\/de\/wp-json\/wp\/v2\/pages"}],"about":[{"href":"https:\/\/mycts.at\/de\/wp-json\/wp\/v2\/types\/page"}],"author":[{"embeddable":true,"href":"https:\/\/mycts.at\/de\/wp-json\/wp\/v2\/users\/1"}],"replies":[{"embeddable":true,"href":"https:\/\/mycts.at\/de\/wp-json\/wp\/v2\/comments?post=679"}],"version-history":[{"count":2,"href":"https:\/\/mycts.at\/de\/wp-json\/wp\/v2\/pages\/679\/revisions"}],"predecessor-version":[{"id":1139,"href":"https:\/\/mycts.at\/de\/wp-json\/wp\/v2\/pages\/679\/revisions\/1139"}],"wp:attachment":[{"href":"https:\/\/mycts.at\/de\/wp-json\/wp\/v2\/media?parent=679"}],"curies":[{"name":"wp","href":"https:\/\/api.w.org\/{rel}","templated":true}]}}